{"id":3923,"date":"2025-05-16T14:56:36","date_gmt":"2025-05-16T12:56:36","guid":{"rendered":"https:\/\/spspvoleibol.es\/el-club\/protocol-digualtat"},"modified":"2026-03-28T15:36:21","modified_gmt":"2026-03-28T14:36:21","slug":"protocol-digualtat","status":"publish","type":"page","link":"https:\/\/spspvoleibol.es\/ca\/el-club\/protocol-digualtat\/","title":{"rendered":"Protocol d&#8217;igualtat i inclusi\u00f3 i prevenci\u00f3 de l&#8217;assetjament a l&#8217;esport. Toler\u00e0ncia 0"},"content":{"rendered":"\t\t<div data-elementor-type=\"wp-page\" data-elementor-id=\"3923\" class=\"elementor elementor-3923 elementor-3105\">\n\t\t\t\t\t\t<section class=\"elementor-section elementor-top-section elementor-element elementor-element-39909f5 elementor-section-height-min-height elementor-section-boxed elementor-section-height-default elementor-section-items-middle\" data-id=\"39909f5\" data-element_type=\"section\" data-e-type=\"section\" data-settings=\"{&quot;jet_parallax_layout_list&quot;:[{&quot;jet_parallax_layout_image&quot;:{&quot;url&quot;:&quot;&quot;,&quot;id&quot;:&quot;&quot;,&quot;size&quot;:&quot;&quot;},&quot;_id&quot;:&quot;e673cb6&quot;,&quot;jet_parallax_layout_image_tablet&quot;:{&quot;url&quot;:&quot;&quot;,&quot;id&quot;:&quot;&quot;,&quot;size&quot;:&quot;&quot;},&quot;jet_parallax_layout_image_mobile&quot;:{&quot;url&quot;:&quot;&quot;,&quot;id&quot;:&quot;&quot;,&quot;size&quot;:&quot;&quot;},&quot;jet_parallax_layout_speed&quot;:{&quot;unit&quot;:&quot;%&quot;,&quot;size&quot;:50,&quot;sizes&quot;:[]},&quot;jet_parallax_layout_type&quot;:&quot;scroll&quot;,&quot;jet_parallax_layout_direction&quot;:&quot;1&quot;,&quot;jet_parallax_layout_fx_direction&quot;:null,&quot;jet_parallax_layout_z_index&quot;:&quot;&quot;,&quot;jet_parallax_layout_bg_x&quot;:50,&quot;jet_parallax_layout_bg_x_tablet&quot;:&quot;&quot;,&quot;jet_parallax_layout_bg_x_mobile&quot;:&quot;&quot;,&quot;jet_parallax_layout_bg_y&quot;:50,&quot;jet_parallax_layout_bg_y_tablet&quot;:&quot;&quot;,&quot;jet_parallax_layout_bg_y_mobile&quot;:&quot;&quot;,&quot;jet_parallax_layout_bg_size&quot;:&quot;auto&quot;,&quot;jet_parallax_layout_bg_size_tablet&quot;:&quot;&quot;,&quot;jet_parallax_layout_bg_size_mobile&quot;:&quot;&quot;,&quot;jet_parallax_layout_animation_prop&quot;:&quot;transform&quot;,&quot;jet_parallax_layout_on&quot;:[&quot;desktop&quot;,&quot;tablet&quot;]}],&quot;background_background&quot;:&quot;classic&quot;}\">\n\t\t\t\t\t\t\t<div class=\"elementor-background-overlay\"><\/div>\n\t\t\t\t\t\t\t<div class=\"elementor-container elementor-column-gap-default\">\n\t\t\t\t\t<div class=\"elementor-column elementor-col-100 elementor-top-column elementor-element elementor-element-4b9bf63\" data-id=\"4b9bf63\" data-element_type=\"column\" data-e-type=\"column\">\n\t\t\t<div class=\"elementor-widget-wrap elementor-element-populated\">\n\t\t\t\t\t\t<div class=\"elementor-element elementor-element-11033c1 elementor-invisible elementor-widget elementor-widget-jet-headline\" data-id=\"11033c1\" data-element_type=\"widget\" data-e-type=\"widget\" data-settings=\"{&quot;_animation&quot;:&quot;bounceIn&quot;}\" data-widget_type=\"jet-headline.default\">\n\t\t\t\t<div class=\"elementor-widget-container\">\n\t\t\t\t\t<h2 class=\"jet-headline jet-headline--direction-horizontal\"><span class=\"jet-headline__part jet-headline__first\"><span class=\"jet-headline__label\">El Club<\/span><\/span><span class=\"jet-headline__space\">&nbsp;<\/span><span class=\"jet-headline__part jet-headline__second\"><span class=\"jet-headline__label\">Protocol d'igualtat<\/span><\/span><\/h2>\t\t\t\t<\/div>\n\t\t\t\t<\/div>\n\t\t\t\t\t<\/div>\n\t\t<\/div>\n\t\t\t\t\t<\/div>\n\t\t<\/section>\n\t\t\t\t<section class=\"elementor-section elementor-top-section elementor-element elementor-element-bf6d0f9 elementor-section-boxed elementor-section-height-default elementor-section-height-default\" data-id=\"bf6d0f9\" data-element_type=\"section\" data-e-type=\"section\" data-settings=\"{&quot;jet_parallax_layout_list&quot;:[{&quot;jet_parallax_layout_image&quot;:{&quot;url&quot;:&quot;&quot;,&quot;id&quot;:&quot;&quot;,&quot;size&quot;:&quot;&quot;},&quot;_id&quot;:&quot;e673cb6&quot;,&quot;jet_parallax_layout_image_tablet&quot;:{&quot;url&quot;:&quot;&quot;,&quot;id&quot;:&quot;&quot;,&quot;size&quot;:&quot;&quot;},&quot;jet_parallax_layout_image_mobile&quot;:{&quot;url&quot;:&quot;&quot;,&quot;id&quot;:&quot;&quot;,&quot;size&quot;:&quot;&quot;},&quot;jet_parallax_layout_speed&quot;:{&quot;unit&quot;:&quot;%&quot;,&quot;size&quot;:50,&quot;sizes&quot;:[]},&quot;jet_parallax_layout_type&quot;:&quot;scroll&quot;,&quot;jet_parallax_layout_direction&quot;:&quot;1&quot;,&quot;jet_parallax_layout_fx_direction&quot;:null,&quot;jet_parallax_layout_z_index&quot;:&quot;&quot;,&quot;jet_parallax_layout_bg_x&quot;:50,&quot;jet_parallax_layout_bg_x_tablet&quot;:&quot;&quot;,&quot;jet_parallax_layout_bg_x_mobile&quot;:&quot;&quot;,&quot;jet_parallax_layout_bg_y&quot;:50,&quot;jet_parallax_layout_bg_y_tablet&quot;:&quot;&quot;,&quot;jet_parallax_layout_bg_y_mobile&quot;:&quot;&quot;,&quot;jet_parallax_layout_bg_size&quot;:&quot;auto&quot;,&quot;jet_parallax_layout_bg_size_tablet&quot;:&quot;&quot;,&quot;jet_parallax_layout_bg_size_mobile&quot;:&quot;&quot;,&quot;jet_parallax_layout_animation_prop&quot;:&quot;transform&quot;,&quot;jet_parallax_layout_on&quot;:[&quot;desktop&quot;,&quot;tablet&quot;]}],&quot;background_background&quot;:&quot;classic&quot;}\">\n\t\t\t\t\t\t<div class=\"elementor-container elementor-column-gap-default\">\n\t\t\t\t\t<div class=\"elementor-column elementor-col-100 elementor-top-column elementor-element elementor-element-ef2b06e\" data-id=\"ef2b06e\" data-element_type=\"column\" data-e-type=\"column\">\n\t\t\t<div class=\"elementor-widget-wrap elementor-element-populated\">\n\t\t\t\t\t\t<div class=\"elementor-element elementor-element-317f2d2 elementor-widget elementor-widget-text-editor\" data-id=\"317f2d2\" data-element_type=\"widget\" data-e-type=\"widget\" data-widget_type=\"text-editor.default\">\n\t\t\t\t<div class=\"elementor-widget-container\">\n\t\t\t\t\t\t\t\t\t<p>El Club Voleibol St. Pere i St. Pau, al desembre de 2023, es va comprometre amb l\u2019elaboraci\u00f3 i implementaci\u00f3 del Projecte Esportiu 0 Bullying, Ciberbullying, assetjament sexual, assetjament per ra\u00f3 de sexe o g\u00e8nere, col\u00b7lectiu LGTBI+, no discriminaci\u00f3, inclusi\u00f3, atenci\u00f3 a la diversitat, aix\u00ed com a la igualtat d\u2019oportunitats en l\u2019acc\u00e9s i la pr\u00e0ctica del voleibol al Club. Aquest comprom\u00eds comportava l\u2019elaboraci\u00f3 del present protocol amb la finalitat de promoure i fomentar la igualtat, la inclusi\u00f3, la no discriminaci\u00f3, aix\u00ed com la prevenci\u00f3 i el tractament de l\u2019assetjament en l\u2019esport.<\/p>\n<p>Aquest Club t\u00e9 com a objectiu principal la protecci\u00f3 integral a la inf\u00e0ncia i a l\u2019adolesc\u00e8ncia davant de qualsevol tipus de viol\u00e8ncia, donar suport i acompanyar tots els seus jugadors i jugadores, amb especial protecci\u00f3 als col\u00b7lectius m\u00e9s vulnerables mitjan\u00e7ant la sensibilitzaci\u00f3, formaci\u00f3 i educaci\u00f3 en valors, i la implementaci\u00f3 d\u2019aquest protocol com a instrument per contribuir en el m\u00f3n de l\u2019esport a una societat m\u00e9s igualit\u00e0ria, inclusiva i lliure de qualsevol tipologia d\u2019assetjament i discriminaci\u00f3.<\/p>\n<p>El Club Voleibol St. Pere i St. Pau fomenta i promou un entorn segur per a la pr\u00e0ctica del voleibol mitjan\u00e7ant el ferm comprom\u00eds de l\u2019adopci\u00f3 del present protocol en la seva totalitat.<\/p>\n\t\t\t\t\t\t\t\t<\/div>\n\t\t\t\t<\/div>\n\t\t\t\t<div class=\"elementor-element elementor-element-af8e081 elementor-align-center elementor-invisible elementor-widget elementor-widget-button\" data-id=\"af8e081\" data-element_type=\"widget\" data-e-type=\"widget\" data-settings=\"{&quot;_animation&quot;:&quot;fadeInRight&quot;}\" data-widget_type=\"button.default\">\n\t\t\t\t<div class=\"elementor-widget-container\">\n\t\t\t\t\t\t\t\t\t<div class=\"elementor-button-wrapper\">\n\t\t\t\t\t<a class=\"elementor-button elementor-button-link elementor-size-md\" href=\"https:\/\/spspvoleibol.es\/wp-content\/uploads\/2026\/03\/Protocolo-para-la-Igualdad-inclusion-y-prevencion-del-acoso-y-violencia-en-el-deporte.pdf\" target=\"_blank\">\n\t\t\t\t\t\t<span class=\"elementor-button-content-wrapper\">\n\t\t\t\t\t\t\t\t\t<span class=\"elementor-button-text\">Saber M\u00e9s<\/span>\n\t\t\t\t\t<\/span>\n\t\t\t\t\t<\/a>\n\t\t\t\t<\/div>\n\t\t\t\t\t\t\t\t<\/div>\n\t\t\t\t<\/div>\n\t\t\t\t<div class=\"elementor-element elementor-element-1b80375 elementor-hidden-desktop elementor-hidden-tablet elementor-hidden-phone elementor-invisible elementor-widget elementor-widget-text-editor\" data-id=\"1b80375\" data-element_type=\"widget\" data-e-type=\"widget\" data-settings=\"{&quot;_animation&quot;:&quot;fadeIn&quot;}\" data-widget_type=\"text-editor.default\">\n\t\t\t\t<div class=\"elementor-widget-container\">\n\t\t\t\t\t\t\t\t\t<h2>Introducci\u00f3<\/h2>\n<p>El present Reglament de R\u00e8gim Intern t\u00e9 per objecte regular l&#8217;organitzaci\u00f3 i funcionament del \u201cClub Voleibol St. Pere i St. Pau\u201d (d&#8217;ara endavant El Club), dins del marc de la legislaci\u00f3 esportiva vigent i dels seus Estatuts Socials.<\/p>\n<p>Tot jugador, entrenador, delegat, pares o tutors, socis, gerent, director t\u00e8cnic i directius del \u201cC.V. St. Pere i St. Pau\u201d estar\u00e0 obligat a complir aquesta normativa interna.<\/p>\n<p>Per al bon funcionament del Club s&#8217;ha dissenyat aquest reglament de r\u00e8gim intern, el qual haur\u00e0 de ser llegit detingudament, no podent pert\u00e0nyer a aquest club tots aquells que no l&#8217;acceptin i compleixin.<\/p>\n<p>El present reglament podr\u00e0 ser modificat pr\u00e8via proposta per escrit de qualsevol membre del Club i aprovat per acord de la Junta Directiva.<\/p>\n<h2>Objectius<\/h2>\n<p><\/p>\n<ul>\n<li>Difondre i formar tots els joves que ho desitgin en la pr\u00e0ctica del Voleibol, en el marc d\u2019aquesta normativa.<\/li>\n<li>Inculcar valors esportius i socials entre tots els membres del Club.<\/li>\n<li>Difondre el nom de \u201cSt. Pere i St. Pau\u201d (Tarragona) per Espanya, a trav\u00e9s de la pr\u00e0ctica esportiva del Voleibol amb tots els mitjans a l\u2019abast del Club.<\/li>\n<li>Integrar en el Club totes aquelles persones relacionades directament o indirectament amb l\u2019objectiu final del mateix, tant en l\u2019\u00e0mbit social com esportiu, buscant un ambient agradable i disciplinat que faciliti el desenvolupament de totes les activitats que es realitzin en compliment dels fins establerts.<\/li>\n<li>Inculcar els lemes esportius com: \u201cL\u2019esport \u00e9s salut\u201d o \u201cL\u2019esport \u00e9s educaci\u00f3\u201d, entre d\u2019altres.<\/li>\n<li>El \u201cClub Voleibol St. Pere i St. Pau\u201d \u00e9s un Club amb molts anys d\u2019hist\u00f2ria que no nom\u00e9s representa a tots els integrants del mateix, presents i passats, sin\u00f3 tamb\u00e9 al barri del qual pren el nom i a la ciutat de Tarragona. Per aquest motiu, cadascun dels components del mateix ha de col\u00b7laborar per potenciar el bon nom del Club amb els seus actes, imatge i actituds.<\/li>\n<li>Formar part d\u2019aquest Club constitueix un orgull i una responsabilitat, concretats en els drets i obligacions que recull el present reglament.<\/li>\n<li>Entre tots els membres del Club hem d\u2019aconseguir fer un Club m\u00e9s gran i competitiu dia a dia, a nivell esportiu, econ\u00f2mic i social. Independentment de quina sigui la seva funci\u00f3, cada membre haur\u00e0 de col\u00b7laborar al m\u00e0xim perqu\u00e8 aix\u00f2 sigui possible.<\/li>\n<\/ul>\n<p><\/p>\n<h2>Composici\u00f3 i membres del Club<\/h2>\n<p><\/p>\n<ul>\n<li>Junta Directiva.<\/li>\n<li>Gerent.<\/li>\n<li>Director T\u00e8cnic.<\/li>\n<li>Entrenadors.<\/li>\n<li>Delegats.<\/li>\n<li>Jugadors.<\/li>\n<li>Pares i tutors.<\/li>\n<li>Soci\/s\u00f2cia.<\/li>\n<\/ul>\n\t\t\t\t\t\t\t\t<\/div>\n\t\t\t\t<\/div>\n\t\t\t\t\t<\/div>\n\t\t<\/div>\n\t\t\t\t\t<\/div>\n\t\t<\/section>\n\t\t\t\t<\/div>\n\t\t","protected":false},"excerpt":{"rendered":"<p>El Club&nbsp;Protocol d&#8217;igualtat El Club Voleibol St. Pere i St. Pau, al desembre de 2023, es va comprometre amb l\u2019elaboraci\u00f3 i implementaci\u00f3 del Projecte Esportiu 0 Bullying, Ciberbullying, assetjament sexual, assetjament per ra\u00f3 de sexe o g\u00e8nere, col\u00b7lectiu LGTBI+, no discriminaci\u00f3, inclusi\u00f3, atenci\u00f3 a la diversitat, aix\u00ed com a la igualtat d\u2019oportunitats en l\u2019acc\u00e9s i [&hellip;]<\/p>\n","protected":false},"author":2,"featured_media":0,"parent":1385,"menu_order":0,"comment_status":"closed","ping_status":"closed","template":"elementor_header_footer","meta":{"_acf_changed":false,"_monsterinsights_skip_tracking":false,"_monsterinsights_sitenote_active":false,"_monsterinsights_sitenote_note":"","_monsterinsights_sitenote_category":0,"footnotes":""},"class_list":["post-3923","page","type-page","status-publish","hentry"],"acf":[],"yoast_head":"<!-- This site is optimized with the Yoast SEO plugin v27.2 - https:\/\/yoast.com\/product\/yoast-seo-wordpress\/ -->\n<title>Protocol d&#039;igualtat i inclusi\u00f3 i prevenci\u00f3 de l&#039;assetjament a l&#039;esport. Toler\u00e0ncia 0 - Club Voleibol Sant Pere i Sant Pau<\/title>\n<meta name=\"robots\" content=\"index, follow, max-snippet:-1, max-image-preview:large, max-video-preview:-1\" \/>\n<link rel=\"canonical\" href=\"https:\/\/spspvoleibol.es\/ca\/el-club\/protocol-digualtat\/\" \/>\n<meta property=\"og:locale\" content=\"ca_ES\" \/>\n<meta property=\"og:type\" content=\"article\" \/>\n<meta property=\"og:title\" content=\"Protocol d&#039;igualtat i inclusi\u00f3 i prevenci\u00f3 de l&#039;assetjament a l&#039;esport. Toler\u00e0ncia 0 - Club Voleibol Sant Pere i Sant Pau\" \/>\n<meta property=\"og:description\" content=\"El Club&nbsp;Protocol d&#8217;igualtat El Club Voleibol St. Pere i St. Pau, al desembre de 2023, es va comprometre amb l\u2019elaboraci\u00f3 i implementaci\u00f3 del Projecte Esportiu 0 Bullying, Ciberbullying, assetjament sexual, assetjament per ra\u00f3 de sexe o g\u00e8nere, col\u00b7lectiu LGTBI+, no discriminaci\u00f3, inclusi\u00f3, atenci\u00f3 a la diversitat, aix\u00ed com a la igualtat d\u2019oportunitats en l\u2019acc\u00e9s i [&hellip;]\" \/>\n<meta property=\"og:url\" content=\"https:\/\/spspvoleibol.es\/ca\/el-club\/protocol-digualtat\/\" \/>\n<meta property=\"og:site_name\" content=\"Club Voleibol Sant Pere i Sant Pau\" \/>\n<meta property=\"article:modified_time\" content=\"2026-03-28T14:36:21+00:00\" \/>\n<meta name=\"twitter:card\" content=\"summary_large_image\" \/>\n<meta name=\"twitter:label1\" content=\"Temps estimat de lectura\" \/>\n\t<meta name=\"twitter:data1\" content=\"3 minuts\" \/>\n<script type=\"application\/ld+json\" class=\"yoast-schema-graph\">{\"@context\":\"https:\/\/schema.org\",\"@graph\":[{\"@type\":\"WebPage\",\"@id\":\"https:\/\/spspvoleibol.es\/ca\/el-club\/protocol-digualtat\/\",\"url\":\"https:\/\/spspvoleibol.es\/ca\/el-club\/protocol-digualtat\/\",\"name\":\"Protocol d'igualtat i inclusi\u00f3 i prevenci\u00f3 de l'assetjament a l'esport. Toler\u00e0ncia 0 - Club Voleibol Sant Pere i Sant Pau\",\"isPartOf\":{\"@id\":\"https:\/\/spspvoleibol.es\/ca\/#website\"},\"datePublished\":\"2025-05-16T12:56:36+00:00\",\"dateModified\":\"2026-03-28T14:36:21+00:00\",\"breadcrumb\":{\"@id\":\"https:\/\/spspvoleibol.es\/ca\/el-club\/protocol-digualtat\/#breadcrumb\"},\"inLanguage\":\"ca\",\"potentialAction\":[{\"@type\":\"ReadAction\",\"target\":[\"https:\/\/spspvoleibol.es\/ca\/el-club\/protocol-digualtat\/\"]}]},{\"@type\":\"BreadcrumbList\",\"@id\":\"https:\/\/spspvoleibol.es\/ca\/el-club\/protocol-digualtat\/#breadcrumb\",\"itemListElement\":[{\"@type\":\"ListItem\",\"position\":1,\"name\":\"Portada\",\"item\":\"https:\/\/spspvoleibol.es\/ca\/\"},{\"@type\":\"ListItem\",\"position\":2,\"name\":\"El Club\",\"item\":\"https:\/\/spspvoleibol.es\/ca\/el-club\/\"},{\"@type\":\"ListItem\",\"position\":3,\"name\":\"Protocol d&#8217;igualtat i inclusi\u00f3 i prevenci\u00f3 de l&#8217;assetjament a l&#8217;esport. Toler\u00e0ncia 0\"}]},{\"@type\":\"WebSite\",\"@id\":\"https:\/\/spspvoleibol.es\/ca\/#website\",\"url\":\"https:\/\/spspvoleibol.es\/ca\/\",\"name\":\"Club Voleibol Sant Pere i Sant Pau\",\"description\":\"Tarragona\",\"potentialAction\":[{\"@type\":\"SearchAction\",\"target\":{\"@type\":\"EntryPoint\",\"urlTemplate\":\"https:\/\/spspvoleibol.es\/ca\/?s={search_term_string}\"},\"query-input\":{\"@type\":\"PropertyValueSpecification\",\"valueRequired\":true,\"valueName\":\"search_term_string\"}}],\"inLanguage\":\"ca\"}]}<\/script>\n<!-- \/ Yoast SEO plugin. -->","yoast_head_json":{"title":"Protocol d'igualtat i inclusi\u00f3 i prevenci\u00f3 de l'assetjament a l'esport. Toler\u00e0ncia 0 - Club Voleibol Sant Pere i Sant Pau","robots":{"index":"index","follow":"follow","max-snippet":"max-snippet:-1","max-image-preview":"max-image-preview:large","max-video-preview":"max-video-preview:-1"},"canonical":"https:\/\/spspvoleibol.es\/ca\/el-club\/protocol-digualtat\/","og_locale":"ca_ES","og_type":"article","og_title":"Protocol d'igualtat i inclusi\u00f3 i prevenci\u00f3 de l'assetjament a l'esport. Toler\u00e0ncia 0 - Club Voleibol Sant Pere i Sant Pau","og_description":"El Club&nbsp;Protocol d&#8217;igualtat El Club Voleibol St. Pere i St. Pau, al desembre de 2023, es va comprometre amb l\u2019elaboraci\u00f3 i implementaci\u00f3 del Projecte Esportiu 0 Bullying, Ciberbullying, assetjament sexual, assetjament per ra\u00f3 de sexe o g\u00e8nere, col\u00b7lectiu LGTBI+, no discriminaci\u00f3, inclusi\u00f3, atenci\u00f3 a la diversitat, aix\u00ed com a la igualtat d\u2019oportunitats en l\u2019acc\u00e9s i [&hellip;]","og_url":"https:\/\/spspvoleibol.es\/ca\/el-club\/protocol-digualtat\/","og_site_name":"Club Voleibol Sant Pere i Sant Pau","article_modified_time":"2026-03-28T14:36:21+00:00","twitter_card":"summary_large_image","twitter_misc":{"Temps estimat de lectura":"3 minuts"},"schema":{"@context":"https:\/\/schema.org","@graph":[{"@type":"WebPage","@id":"https:\/\/spspvoleibol.es\/ca\/el-club\/protocol-digualtat\/","url":"https:\/\/spspvoleibol.es\/ca\/el-club\/protocol-digualtat\/","name":"Protocol d'igualtat i inclusi\u00f3 i prevenci\u00f3 de l'assetjament a l'esport. Toler\u00e0ncia 0 - Club Voleibol Sant Pere i Sant Pau","isPartOf":{"@id":"https:\/\/spspvoleibol.es\/ca\/#website"},"datePublished":"2025-05-16T12:56:36+00:00","dateModified":"2026-03-28T14:36:21+00:00","breadcrumb":{"@id":"https:\/\/spspvoleibol.es\/ca\/el-club\/protocol-digualtat\/#breadcrumb"},"inLanguage":"ca","potentialAction":[{"@type":"ReadAction","target":["https:\/\/spspvoleibol.es\/ca\/el-club\/protocol-digualtat\/"]}]},{"@type":"BreadcrumbList","@id":"https:\/\/spspvoleibol.es\/ca\/el-club\/protocol-digualtat\/#breadcrumb","itemListElement":[{"@type":"ListItem","position":1,"name":"Portada","item":"https:\/\/spspvoleibol.es\/ca\/"},{"@type":"ListItem","position":2,"name":"El Club","item":"https:\/\/spspvoleibol.es\/ca\/el-club\/"},{"@type":"ListItem","position":3,"name":"Protocol d&#8217;igualtat i inclusi\u00f3 i prevenci\u00f3 de l&#8217;assetjament a l&#8217;esport. Toler\u00e0ncia 0"}]},{"@type":"WebSite","@id":"https:\/\/spspvoleibol.es\/ca\/#website","url":"https:\/\/spspvoleibol.es\/ca\/","name":"Club Voleibol Sant Pere i Sant Pau","description":"Tarragona","potentialAction":[{"@type":"SearchAction","target":{"@type":"EntryPoint","urlTemplate":"https:\/\/spspvoleibol.es\/ca\/?s={search_term_string}"},"query-input":{"@type":"PropertyValueSpecification","valueRequired":true,"valueName":"search_term_string"}}],"inLanguage":"ca"}]}},"_links":{"self":[{"href":"https:\/\/spspvoleibol.es\/ca\/wp-json\/wp\/v2\/pages\/3923","targetHints":{"allow":["GET"]}}],"collection":[{"href":"https:\/\/spspvoleibol.es\/ca\/wp-json\/wp\/v2\/pages"}],"about":[{"href":"https:\/\/spspvoleibol.es\/ca\/wp-json\/wp\/v2\/types\/page"}],"author":[{"embeddable":true,"href":"https:\/\/spspvoleibol.es\/ca\/wp-json\/wp\/v2\/users\/2"}],"replies":[{"embeddable":true,"href":"https:\/\/spspvoleibol.es\/ca\/wp-json\/wp\/v2\/comments?post=3923"}],"version-history":[{"count":5,"href":"https:\/\/spspvoleibol.es\/ca\/wp-json\/wp\/v2\/pages\/3923\/revisions"}],"predecessor-version":[{"id":5424,"href":"https:\/\/spspvoleibol.es\/ca\/wp-json\/wp\/v2\/pages\/3923\/revisions\/5424"}],"up":[{"embeddable":true,"href":"https:\/\/spspvoleibol.es\/ca\/wp-json\/wp\/v2\/pages\/1385"}],"wp:attachment":[{"href":"https:\/\/spspvoleibol.es\/ca\/wp-json\/wp\/v2\/media?parent=3923"}],"curies":[{"name":"wp","href":"https:\/\/api.w.org\/{rel}","templated":true}]}}