{"id":1407,"date":"2020-12-21T22:37:50","date_gmt":"2020-12-21T21:37:50","guid":{"rendered":"https:\/\/spspvoleibol.es\/politica-de-cookies"},"modified":"2020-12-21T22:47:16","modified_gmt":"2020-12-21T21:47:16","slug":"politica-de-cookies","status":"publish","type":"page","link":"https:\/\/spspvoleibol.es\/ca\/politica-de-cookies\/","title":{"rendered":"Pol\u00edtica de Cookies"},"content":{"rendered":"\t\t<div data-elementor-type=\"wp-page\" data-elementor-id=\"1407\" class=\"elementor elementor-1407 elementor-972\">\n\t\t\t\t\t\t<section class=\"elementor-section elementor-top-section elementor-element elementor-element-39909f5 elementor-section-height-min-height elementor-section-boxed elementor-section-height-default elementor-section-items-middle\" data-id=\"39909f5\" data-element_type=\"section\" data-e-type=\"section\" data-settings=\"{&quot;jet_parallax_layout_list&quot;:[{&quot;jet_parallax_layout_image&quot;:{&quot;url&quot;:&quot;&quot;,&quot;id&quot;:&quot;&quot;,&quot;size&quot;:&quot;&quot;},&quot;_id&quot;:&quot;e673cb6&quot;,&quot;jet_parallax_layout_image_tablet&quot;:{&quot;url&quot;:&quot;&quot;,&quot;id&quot;:&quot;&quot;,&quot;size&quot;:&quot;&quot;},&quot;jet_parallax_layout_image_mobile&quot;:{&quot;url&quot;:&quot;&quot;,&quot;id&quot;:&quot;&quot;,&quot;size&quot;:&quot;&quot;},&quot;jet_parallax_layout_speed&quot;:{&quot;unit&quot;:&quot;%&quot;,&quot;size&quot;:50,&quot;sizes&quot;:[]},&quot;jet_parallax_layout_type&quot;:&quot;scroll&quot;,&quot;jet_parallax_layout_direction&quot;:&quot;1&quot;,&quot;jet_parallax_layout_fx_direction&quot;:null,&quot;jet_parallax_layout_z_index&quot;:&quot;&quot;,&quot;jet_parallax_layout_bg_x&quot;:50,&quot;jet_parallax_layout_bg_x_tablet&quot;:&quot;&quot;,&quot;jet_parallax_layout_bg_x_mobile&quot;:&quot;&quot;,&quot;jet_parallax_layout_bg_y&quot;:50,&quot;jet_parallax_layout_bg_y_tablet&quot;:&quot;&quot;,&quot;jet_parallax_layout_bg_y_mobile&quot;:&quot;&quot;,&quot;jet_parallax_layout_bg_size&quot;:&quot;auto&quot;,&quot;jet_parallax_layout_bg_size_tablet&quot;:&quot;&quot;,&quot;jet_parallax_layout_bg_size_mobile&quot;:&quot;&quot;,&quot;jet_parallax_layout_animation_prop&quot;:&quot;transform&quot;,&quot;jet_parallax_layout_on&quot;:[&quot;desktop&quot;,&quot;tablet&quot;]}],&quot;background_background&quot;:&quot;classic&quot;}\">\n\t\t\t\t\t\t\t<div class=\"elementor-background-overlay\"><\/div>\n\t\t\t\t\t\t\t<div class=\"elementor-container elementor-column-gap-default\">\n\t\t\t\t\t<div class=\"elementor-column elementor-col-100 elementor-top-column elementor-element elementor-element-4b9bf63\" data-id=\"4b9bf63\" data-element_type=\"column\" data-e-type=\"column\">\n\t\t\t<div class=\"elementor-widget-wrap elementor-element-populated\">\n\t\t\t\t\t\t<div class=\"elementor-element elementor-element-11033c1 elementor-invisible elementor-widget elementor-widget-jet-headline\" data-id=\"11033c1\" data-element_type=\"widget\" data-e-type=\"widget\" data-settings=\"{&quot;_animation&quot;:&quot;bounceIn&quot;}\" data-widget_type=\"jet-headline.default\">\n\t\t\t\t<div class=\"elementor-widget-container\">\n\t\t\t\t\t<h2 class=\"jet-headline jet-headline--direction-horizontal\"><span class=\"jet-headline__part jet-headline__second\"><span class=\"jet-headline__label\">Pol\u00edtica de Cookies<\/span><\/span><\/h2>\t\t\t\t<\/div>\n\t\t\t\t<\/div>\n\t\t\t\t\t<\/div>\n\t\t<\/div>\n\t\t\t\t\t<\/div>\n\t\t<\/section>\n\t\t\t\t<section class=\"elementor-section elementor-top-section elementor-element elementor-element-bf6d0f9 elementor-section-boxed elementor-section-height-default elementor-section-height-default\" data-id=\"bf6d0f9\" data-element_type=\"section\" data-e-type=\"section\" data-settings=\"{&quot;jet_parallax_layout_list&quot;:[{&quot;jet_parallax_layout_image&quot;:{&quot;url&quot;:&quot;&quot;,&quot;id&quot;:&quot;&quot;,&quot;size&quot;:&quot;&quot;},&quot;_id&quot;:&quot;e673cb6&quot;,&quot;jet_parallax_layout_image_tablet&quot;:{&quot;url&quot;:&quot;&quot;,&quot;id&quot;:&quot;&quot;,&quot;size&quot;:&quot;&quot;},&quot;jet_parallax_layout_image_mobile&quot;:{&quot;url&quot;:&quot;&quot;,&quot;id&quot;:&quot;&quot;,&quot;size&quot;:&quot;&quot;},&quot;jet_parallax_layout_speed&quot;:{&quot;unit&quot;:&quot;%&quot;,&quot;size&quot;:50,&quot;sizes&quot;:[]},&quot;jet_parallax_layout_type&quot;:&quot;scroll&quot;,&quot;jet_parallax_layout_direction&quot;:&quot;1&quot;,&quot;jet_parallax_layout_fx_direction&quot;:null,&quot;jet_parallax_layout_z_index&quot;:&quot;&quot;,&quot;jet_parallax_layout_bg_x&quot;:50,&quot;jet_parallax_layout_bg_x_tablet&quot;:&quot;&quot;,&quot;jet_parallax_layout_bg_x_mobile&quot;:&quot;&quot;,&quot;jet_parallax_layout_bg_y&quot;:50,&quot;jet_parallax_layout_bg_y_tablet&quot;:&quot;&quot;,&quot;jet_parallax_layout_bg_y_mobile&quot;:&quot;&quot;,&quot;jet_parallax_layout_bg_size&quot;:&quot;auto&quot;,&quot;jet_parallax_layout_bg_size_tablet&quot;:&quot;&quot;,&quot;jet_parallax_layout_bg_size_mobile&quot;:&quot;&quot;,&quot;jet_parallax_layout_animation_prop&quot;:&quot;transform&quot;,&quot;jet_parallax_layout_on&quot;:[&quot;desktop&quot;,&quot;tablet&quot;]}],&quot;background_background&quot;:&quot;classic&quot;}\">\n\t\t\t\t\t\t<div class=\"elementor-container elementor-column-gap-default\">\n\t\t\t\t\t<div class=\"elementor-column elementor-col-100 elementor-top-column elementor-element elementor-element-ef2b06e\" data-id=\"ef2b06e\" data-element_type=\"column\" data-e-type=\"column\">\n\t\t\t<div class=\"elementor-widget-wrap elementor-element-populated\">\n\t\t\t\t\t\t<div class=\"elementor-element elementor-element-1b80375 elementor-invisible elementor-widget elementor-widget-text-editor\" data-id=\"1b80375\" data-element_type=\"widget\" data-e-type=\"widget\" data-settings=\"{&quot;_animation&quot;:&quot;fadeIn&quot;}\" data-widget_type=\"text-editor.default\">\n\t\t\t\t<div class=\"elementor-widget-container\">\n\t\t\t\t\t\t\t\t\t<p><span>En compliment amb el que disposa l&#8217;article 22.2 de la Llei 34\/2002, de 11 de juliol, de Serveis de la Societat de la Informaci\u00f3 i de Comer\u00e7 Electr\u00f2nic, el Titular t&#8217;informa que aquest lloc web utilitza cookies, aix\u00ed com sobre la seva pol\u00edtica de recollida i el tractament que fa de les mateixes.<\/span><\/p>\n<h2><em><span>Qu\u00e8 s\u00f3n les cookies<\/span><\/em><\/h2>\n<p><span>Una cookie \u00e9s un fitxer que es descarrega al teu ordinador a l&#8217;entrar a determinades p\u00e0gines web. Les cookies permeten a una p\u00e0gina web, entre altres coses, emmagatzemar i recuperar informaci\u00f3 sobre els teus h\u00e0bits de navegaci\u00f3 i -depenent de la informaci\u00f3 que continguin i de la forma en qu\u00e8 utilitzis el teu equip- poden utilitzar-se per identificar-te.<\/span><\/p>\n<h2><em><span>Tipus de galetes utilitzades<\/span><\/em><\/h2>\n<p><span>El lloc web <\/span><a href=\"https:\/\/spspvoleibol.es\/ca\"><span>https:\/\/spspvoleibol.es<\/span><\/a><span> utilitza els seg\u00fcents tipus de cookies:<\/span><\/p>\n<ul>\n<li><b><span>Cookies d&#8217;an\u00e0lisi:<\/span><\/b><span>\u00a0\u00a0S\u00f3n aquelles que, ben tractades pel lloc web o per tercers, permeten quantificar el nombre d&#8217;usuaris i aix\u00ed realitzar el mesurament i an\u00e0lisi estad\u00edstica de la utilitzaci\u00f3 que fan els usuaris de la p\u00e0gina web.\u00a0Per aix\u00f2 s&#8217;analitza la navegaci\u00f3 que realitzes en aquest lloc web per tal de millorar-lo.<\/span><\/li>\n<li><b><span>Cookies t\u00e8cniques:<\/span><\/b><span>\u00a0\u00a0S\u00f3n aquelles tractades pel lloc web que permeten als usuaris registrats navegar a trav\u00e9s de l&#8217;\u00e0rea restringida ia utilitzar les seves diferents funcions, com per exemple, dur a terme el proc\u00e9s de compra d&#8217;un Producte o Servei.<\/span><br \/>\n<span>Algunes cookies s\u00f3n essencials per al funcionament de el lloc web, per exemple, el sistema de comentaris o el cercador.<\/span><\/li>\n<li><b><span>Cookies de personalitzaci\u00f3:<\/span><\/b><span>\u00a0\u00a0S\u00f3n aquelles que permeten als usuaris accedir a el Servei amb algunes caracter\u00edstiques de car\u00e0cter general predefinides en funci\u00f3 d&#8217;una s\u00e8rie de criteris establerts per l&#8217;usuari com, per exemple, l&#8217;idioma o el tipus de navegador a trav\u00e9s del qual es connecta a aquest lloc web.<\/span><\/li>\n<\/ul>\n<h2><em><span>Desactivar les cookies<\/span><\/em><\/h2>\n<p><span>Pots acceptar, bloquejar o eliminar les cookies instal\u00b7lades en el teu equip mitjan\u00e7ant la configuraci\u00f3 de les opcions de navegador.<\/span><\/p>\n<p><span>En els seg\u00fcents enlla\u00e7os trobar\u00e0s instruccions per habilitar o desactivar les cookies en els navegadors m\u00e9s comuns.<\/span><\/p>\n<ul>\n<li><b><span>Firefox<\/span><\/b>\u00a0<a href=\"http:\/\/support.mozilla.org\/es\/kb\/habilitar-y-deshabilitar-cookies-que-los-sitios-we\" rel=\"nofollow\"><span>http:\/\/support.mozilla.org\/es\/kb\/habilitar-y-deshabilitar-cookies-que-los-sitios-we<\/span><\/a><\/li>\n<li><b><span>Safari<\/span><\/b>\u00a0<a href=\"http:\/\/support.apple.com\/kb\/HT1677?viewlocale=es_ES\" rel=\"nofollow\"><span>http:\/\/support.apple.com\/kb\/HT1677?viewlocale=es_ES<\/span><\/a><\/li>\n<li><b><span>Google Chrome<\/span><\/b>\u00a0<a href=\"https:\/\/support.google.com\/chrome\/answer\/95647?hl=es\" rel=\"nofollow\"><span>https:\/\/support.google.com\/chrome\/answer\/95647?hl=es<\/span><\/a><\/li>\n<\/ul>\n<h2><em><span>Cookies de tercers<\/span><\/em><\/h2>\n<p><span>El lloc web utilitza els serveis de \u00abGoogle Analytics\u00bb que poden instal\u00b7lar cookies que serveixen per obtenir estad\u00edstiques i dades publicitaris.<\/span><\/p>\n<p><span>El lloc web inclou altres funcionalitats proporcionades per les xarxes socials i que poden instal\u00b7lar cookies.\u00a0Pots compartir el contingut a les teves xarxes socials com Facebook, Twitter, Google+, Instagram o YouTube amb els botons inclosos a aquest efecte o amb les eines per compartir pr\u00f2pies de les xarxes socials.<\/span><\/p>\n<h2><em><span>Notes sobre eliminar cookies<\/span><\/em><\/h2>\n<p><span>Pots eliminar i bloquejar les galetes d&#8217;aquest lloc web, per\u00f2 part de el lloc no funcionar\u00e0 correctament o la seva qualitat es pot veure afectada.<\/span><\/p>\n<h2><em><span>Contacte<\/span><\/em><\/h2>\n<p><span>En cas que tinguis qualsevol dubte sobre aquesta Pol\u00edtica de Cookies o vulguis realitzar qualsevol comentari sobre aquest lloc web, pots enviar un missatge de correu electr\u00f2nic a l&#8217;adre\u00e7a gerentespsp@gmail.com.<\/span><\/p>\n\t\t\t\t\t\t\t\t<\/div>\n\t\t\t\t<\/div>\n\t\t\t\t\t<\/div>\n\t\t<\/div>\n\t\t\t\t\t<\/div>\n\t\t<\/section>\n\t\t\t\t<\/div>\n\t\t","protected":false},"excerpt":{"rendered":"<p>Pol\u00edtica de Cookies En compliment amb el que disposa l&#8217;article 22.2 de la Llei 34\/2002, de 11 de juliol, de Serveis de la Societat de la Informaci\u00f3 i de Comer\u00e7 Electr\u00f2nic, el Titular t&#8217;informa que aquest lloc web utilitza cookies, aix\u00ed com sobre la seva pol\u00edtica de recollida i el tractament que fa de les [&hellip;]<\/p>\n","protected":false},"author":1,"featured_media":0,"parent":0,"menu_order":0,"comment_status":"closed","ping_status":"closed","template":"elementor_header_footer","meta":{"_acf_changed":false,"_monsterinsights_skip_tracking":false,"_monsterinsights_sitenote_active":false,"_monsterinsights_sitenote_note":"","_monsterinsights_sitenote_category":0,"footnotes":""},"class_list":["post-1407","page","type-page","status-publish","hentry"],"acf":[],"yoast_head":"<!-- This site is optimized with the Yoast SEO plugin v27.2 - https:\/\/yoast.com\/product\/yoast-seo-wordpress\/ -->\n<title>Pol\u00edtica de Cookies - Club Voleibol Sant Pere i Sant Pau<\/title>\n<meta name=\"robots\" content=\"index, follow, max-snippet:-1, max-image-preview:large, max-video-preview:-1\" \/>\n<link rel=\"canonical\" href=\"https:\/\/spspvoleibol.es\/ca\/politica-de-cookies\/\" \/>\n<meta property=\"og:locale\" content=\"ca_ES\" \/>\n<meta property=\"og:type\" content=\"article\" \/>\n<meta property=\"og:title\" content=\"Pol\u00edtica de Cookies - Club Voleibol Sant Pere i Sant Pau\" \/>\n<meta property=\"og:description\" content=\"Pol\u00edtica de Cookies En compliment amb el que disposa l&#8217;article 22.2 de la Llei 34\/2002, de 11 de juliol, de Serveis de la Societat de la Informaci\u00f3 i de Comer\u00e7 Electr\u00f2nic, el Titular t&#8217;informa que aquest lloc web utilitza cookies, aix\u00ed com sobre la seva pol\u00edtica de recollida i el tractament que fa de les [&hellip;]\" \/>\n<meta property=\"og:url\" content=\"https:\/\/spspvoleibol.es\/ca\/politica-de-cookies\/\" \/>\n<meta property=\"og:site_name\" content=\"Club Voleibol Sant Pere i Sant Pau\" \/>\n<meta property=\"article:modified_time\" content=\"2020-12-21T21:47:16+00:00\" \/>\n<meta name=\"twitter:card\" content=\"summary_large_image\" \/>\n<meta name=\"twitter:label1\" content=\"Temps estimat de lectura\" \/>\n\t<meta name=\"twitter:data1\" content=\"3 minuts\" \/>\n<script type=\"application\/ld+json\" class=\"yoast-schema-graph\">{\"@context\":\"https:\/\/schema.org\",\"@graph\":[{\"@type\":\"WebPage\",\"@id\":\"https:\/\/spspvoleibol.es\/ca\/politica-de-cookies\/\",\"url\":\"https:\/\/spspvoleibol.es\/ca\/politica-de-cookies\/\",\"name\":\"Pol\u00edtica de Cookies - Club Voleibol Sant Pere i Sant Pau\",\"isPartOf\":{\"@id\":\"https:\/\/spspvoleibol.es\/ca\/#website\"},\"datePublished\":\"2020-12-21T21:37:50+00:00\",\"dateModified\":\"2020-12-21T21:47:16+00:00\",\"breadcrumb\":{\"@id\":\"https:\/\/spspvoleibol.es\/ca\/politica-de-cookies\/#breadcrumb\"},\"inLanguage\":\"ca\",\"potentialAction\":[{\"@type\":\"ReadAction\",\"target\":[\"https:\/\/spspvoleibol.es\/ca\/politica-de-cookies\/\"]}]},{\"@type\":\"BreadcrumbList\",\"@id\":\"https:\/\/spspvoleibol.es\/ca\/politica-de-cookies\/#breadcrumb\",\"itemListElement\":[{\"@type\":\"ListItem\",\"position\":1,\"name\":\"Portada\",\"item\":\"https:\/\/spspvoleibol.es\/ca\/\"},{\"@type\":\"ListItem\",\"position\":2,\"name\":\"Pol\u00edtica de Cookies\"}]},{\"@type\":\"WebSite\",\"@id\":\"https:\/\/spspvoleibol.es\/ca\/#website\",\"url\":\"https:\/\/spspvoleibol.es\/ca\/\",\"name\":\"Club Voleibol Sant Pere i Sant Pau\",\"description\":\"Tarragona\",\"potentialAction\":[{\"@type\":\"SearchAction\",\"target\":{\"@type\":\"EntryPoint\",\"urlTemplate\":\"https:\/\/spspvoleibol.es\/ca\/?s={search_term_string}\"},\"query-input\":{\"@type\":\"PropertyValueSpecification\",\"valueRequired\":true,\"valueName\":\"search_term_string\"}}],\"inLanguage\":\"ca\"}]}<\/script>\n<!-- \/ Yoast SEO plugin. -->","yoast_head_json":{"title":"Pol\u00edtica de Cookies - Club Voleibol Sant Pere i Sant Pau","robots":{"index":"index","follow":"follow","max-snippet":"max-snippet:-1","max-image-preview":"max-image-preview:large","max-video-preview":"max-video-preview:-1"},"canonical":"https:\/\/spspvoleibol.es\/ca\/politica-de-cookies\/","og_locale":"ca_ES","og_type":"article","og_title":"Pol\u00edtica de Cookies - Club Voleibol Sant Pere i Sant Pau","og_description":"Pol\u00edtica de Cookies En compliment amb el que disposa l&#8217;article 22.2 de la Llei 34\/2002, de 11 de juliol, de Serveis de la Societat de la Informaci\u00f3 i de Comer\u00e7 Electr\u00f2nic, el Titular t&#8217;informa que aquest lloc web utilitza cookies, aix\u00ed com sobre la seva pol\u00edtica de recollida i el tractament que fa de les [&hellip;]","og_url":"https:\/\/spspvoleibol.es\/ca\/politica-de-cookies\/","og_site_name":"Club Voleibol Sant Pere i Sant Pau","article_modified_time":"2020-12-21T21:47:16+00:00","twitter_card":"summary_large_image","twitter_misc":{"Temps estimat de lectura":"3 minuts"},"schema":{"@context":"https:\/\/schema.org","@graph":[{"@type":"WebPage","@id":"https:\/\/spspvoleibol.es\/ca\/politica-de-cookies\/","url":"https:\/\/spspvoleibol.es\/ca\/politica-de-cookies\/","name":"Pol\u00edtica de Cookies - Club Voleibol Sant Pere i Sant Pau","isPartOf":{"@id":"https:\/\/spspvoleibol.es\/ca\/#website"},"datePublished":"2020-12-21T21:37:50+00:00","dateModified":"2020-12-21T21:47:16+00:00","breadcrumb":{"@id":"https:\/\/spspvoleibol.es\/ca\/politica-de-cookies\/#breadcrumb"},"inLanguage":"ca","potentialAction":[{"@type":"ReadAction","target":["https:\/\/spspvoleibol.es\/ca\/politica-de-cookies\/"]}]},{"@type":"BreadcrumbList","@id":"https:\/\/spspvoleibol.es\/ca\/politica-de-cookies\/#breadcrumb","itemListElement":[{"@type":"ListItem","position":1,"name":"Portada","item":"https:\/\/spspvoleibol.es\/ca\/"},{"@type":"ListItem","position":2,"name":"Pol\u00edtica de Cookies"}]},{"@type":"WebSite","@id":"https:\/\/spspvoleibol.es\/ca\/#website","url":"https:\/\/spspvoleibol.es\/ca\/","name":"Club Voleibol Sant Pere i Sant Pau","description":"Tarragona","potentialAction":[{"@type":"SearchAction","target":{"@type":"EntryPoint","urlTemplate":"https:\/\/spspvoleibol.es\/ca\/?s={search_term_string}"},"query-input":{"@type":"PropertyValueSpecification","valueRequired":true,"valueName":"search_term_string"}}],"inLanguage":"ca"}]}},"_links":{"self":[{"href":"https:\/\/spspvoleibol.es\/ca\/wp-json\/wp\/v2\/pages\/1407","targetHints":{"allow":["GET"]}}],"collection":[{"href":"https:\/\/spspvoleibol.es\/ca\/wp-json\/wp\/v2\/pages"}],"about":[{"href":"https:\/\/spspvoleibol.es\/ca\/wp-json\/wp\/v2\/types\/page"}],"author":[{"embeddable":true,"href":"https:\/\/spspvoleibol.es\/ca\/wp-json\/wp\/v2\/users\/1"}],"replies":[{"embeddable":true,"href":"https:\/\/spspvoleibol.es\/ca\/wp-json\/wp\/v2\/comments?post=1407"}],"version-history":[{"count":1,"href":"https:\/\/spspvoleibol.es\/ca\/wp-json\/wp\/v2\/pages\/1407\/revisions"}],"predecessor-version":[{"id":1408,"href":"https:\/\/spspvoleibol.es\/ca\/wp-json\/wp\/v2\/pages\/1407\/revisions\/1408"}],"wp:attachment":[{"href":"https:\/\/spspvoleibol.es\/ca\/wp-json\/wp\/v2\/media?parent=1407"}],"curies":[{"name":"wp","href":"https:\/\/api.w.org\/{rel}","templated":true}]}}