{"id":1405,"date":"2020-12-21T22:34:19","date_gmt":"2020-12-21T21:34:19","guid":{"rendered":"https:\/\/spspvoleibol.es\/avis-legal"},"modified":"2020-12-21T22:45:34","modified_gmt":"2020-12-21T21:45:34","slug":"avis-legal","status":"publish","type":"page","link":"https:\/\/spspvoleibol.es\/ca\/avis-legal\/","title":{"rendered":"Av\u00eds Legal"},"content":{"rendered":"\t\t<div data-elementor-type=\"wp-page\" data-elementor-id=\"1405\" class=\"elementor elementor-1405 elementor-966\">\n\t\t\t\t\t\t<section class=\"elementor-section elementor-top-section elementor-element elementor-element-39909f5 elementor-section-height-min-height elementor-section-boxed elementor-section-height-default elementor-section-items-middle\" data-id=\"39909f5\" data-element_type=\"section\" data-e-type=\"section\" data-settings=\"{&quot;jet_parallax_layout_list&quot;:[{&quot;jet_parallax_layout_image&quot;:{&quot;url&quot;:&quot;&quot;,&quot;id&quot;:&quot;&quot;,&quot;size&quot;:&quot;&quot;},&quot;_id&quot;:&quot;e673cb6&quot;,&quot;jet_parallax_layout_image_tablet&quot;:{&quot;url&quot;:&quot;&quot;,&quot;id&quot;:&quot;&quot;,&quot;size&quot;:&quot;&quot;},&quot;jet_parallax_layout_image_mobile&quot;:{&quot;url&quot;:&quot;&quot;,&quot;id&quot;:&quot;&quot;,&quot;size&quot;:&quot;&quot;},&quot;jet_parallax_layout_speed&quot;:{&quot;unit&quot;:&quot;%&quot;,&quot;size&quot;:50,&quot;sizes&quot;:[]},&quot;jet_parallax_layout_type&quot;:&quot;scroll&quot;,&quot;jet_parallax_layout_direction&quot;:&quot;1&quot;,&quot;jet_parallax_layout_fx_direction&quot;:null,&quot;jet_parallax_layout_z_index&quot;:&quot;&quot;,&quot;jet_parallax_layout_bg_x&quot;:50,&quot;jet_parallax_layout_bg_x_tablet&quot;:&quot;&quot;,&quot;jet_parallax_layout_bg_x_mobile&quot;:&quot;&quot;,&quot;jet_parallax_layout_bg_y&quot;:50,&quot;jet_parallax_layout_bg_y_tablet&quot;:&quot;&quot;,&quot;jet_parallax_layout_bg_y_mobile&quot;:&quot;&quot;,&quot;jet_parallax_layout_bg_size&quot;:&quot;auto&quot;,&quot;jet_parallax_layout_bg_size_tablet&quot;:&quot;&quot;,&quot;jet_parallax_layout_bg_size_mobile&quot;:&quot;&quot;,&quot;jet_parallax_layout_animation_prop&quot;:&quot;transform&quot;,&quot;jet_parallax_layout_on&quot;:[&quot;desktop&quot;,&quot;tablet&quot;]}],&quot;background_background&quot;:&quot;classic&quot;}\">\n\t\t\t\t\t\t\t<div class=\"elementor-background-overlay\"><\/div>\n\t\t\t\t\t\t\t<div class=\"elementor-container elementor-column-gap-default\">\n\t\t\t\t\t<div class=\"elementor-column elementor-col-100 elementor-top-column elementor-element elementor-element-4b9bf63\" data-id=\"4b9bf63\" data-element_type=\"column\" data-e-type=\"column\">\n\t\t\t<div class=\"elementor-widget-wrap elementor-element-populated\">\n\t\t\t\t\t\t<div class=\"elementor-element elementor-element-11033c1 elementor-invisible elementor-widget elementor-widget-jet-headline\" data-id=\"11033c1\" data-element_type=\"widget\" data-e-type=\"widget\" data-settings=\"{&quot;_animation&quot;:&quot;bounceIn&quot;}\" data-widget_type=\"jet-headline.default\">\n\t\t\t\t<div class=\"elementor-widget-container\">\n\t\t\t\t\t<h2 class=\"jet-headline jet-headline--direction-horizontal\"><span class=\"jet-headline__part jet-headline__second\"><span class=\"jet-headline__label\">Av\u00eds legal<\/span><\/span><\/h2>\t\t\t\t<\/div>\n\t\t\t\t<\/div>\n\t\t\t\t\t<\/div>\n\t\t<\/div>\n\t\t\t\t\t<\/div>\n\t\t<\/section>\n\t\t\t\t<section class=\"elementor-section elementor-top-section elementor-element elementor-element-bf6d0f9 elementor-section-boxed elementor-section-height-default elementor-section-height-default\" data-id=\"bf6d0f9\" data-element_type=\"section\" data-e-type=\"section\" data-settings=\"{&quot;jet_parallax_layout_list&quot;:[{&quot;jet_parallax_layout_image&quot;:{&quot;url&quot;:&quot;&quot;,&quot;id&quot;:&quot;&quot;,&quot;size&quot;:&quot;&quot;},&quot;_id&quot;:&quot;e673cb6&quot;,&quot;jet_parallax_layout_image_tablet&quot;:{&quot;url&quot;:&quot;&quot;,&quot;id&quot;:&quot;&quot;,&quot;size&quot;:&quot;&quot;},&quot;jet_parallax_layout_image_mobile&quot;:{&quot;url&quot;:&quot;&quot;,&quot;id&quot;:&quot;&quot;,&quot;size&quot;:&quot;&quot;},&quot;jet_parallax_layout_speed&quot;:{&quot;unit&quot;:&quot;%&quot;,&quot;size&quot;:50,&quot;sizes&quot;:[]},&quot;jet_parallax_layout_type&quot;:&quot;scroll&quot;,&quot;jet_parallax_layout_direction&quot;:&quot;1&quot;,&quot;jet_parallax_layout_fx_direction&quot;:null,&quot;jet_parallax_layout_z_index&quot;:&quot;&quot;,&quot;jet_parallax_layout_bg_x&quot;:50,&quot;jet_parallax_layout_bg_x_tablet&quot;:&quot;&quot;,&quot;jet_parallax_layout_bg_x_mobile&quot;:&quot;&quot;,&quot;jet_parallax_layout_bg_y&quot;:50,&quot;jet_parallax_layout_bg_y_tablet&quot;:&quot;&quot;,&quot;jet_parallax_layout_bg_y_mobile&quot;:&quot;&quot;,&quot;jet_parallax_layout_bg_size&quot;:&quot;auto&quot;,&quot;jet_parallax_layout_bg_size_tablet&quot;:&quot;&quot;,&quot;jet_parallax_layout_bg_size_mobile&quot;:&quot;&quot;,&quot;jet_parallax_layout_animation_prop&quot;:&quot;transform&quot;,&quot;jet_parallax_layout_on&quot;:[&quot;desktop&quot;,&quot;tablet&quot;]}],&quot;background_background&quot;:&quot;classic&quot;}\">\n\t\t\t\t\t\t<div class=\"elementor-container elementor-column-gap-default\">\n\t\t\t\t\t<div class=\"elementor-column elementor-col-100 elementor-top-column elementor-element elementor-element-ef2b06e\" data-id=\"ef2b06e\" data-element_type=\"column\" data-e-type=\"column\">\n\t\t\t<div class=\"elementor-widget-wrap elementor-element-populated\">\n\t\t\t\t\t\t<div class=\"elementor-element elementor-element-1b80375 elementor-invisible elementor-widget elementor-widget-text-editor\" data-id=\"1b80375\" data-element_type=\"widget\" data-e-type=\"widget\" data-settings=\"{&quot;_animation&quot;:&quot;fadeIn&quot;}\" data-widget_type=\"text-editor.default\">\n\t\t\t\t<div class=\"elementor-widget-container\">\n\t\t\t\t\t\t\t\t\t<h2><em><span>Identificaci\u00f3 i Titularitat<\/span><\/em><\/h2>\n<p><span>En compliment de l&#8217;article 10 de la Llei 34\/2002, de 11 de juliol, de Serveis de la Societat de la Informaci\u00f3 i Comer\u00e7 Electr\u00f2nic, el titular exposa les seves dades identificatives.<\/span><\/p>\n<ul>\n<li><b><span>Titular:<\/span><\/b><span>\u00a0\u00a0Club Voleibol Sant Pere i Sant Pau.<\/span><\/li>\n<li><b><span>NIF:<\/span><\/b><span>\u00a0\u00a0G43066018<\/span><\/li>\n<li><b><span>Domicili:<\/span><\/b><span>\u00a0\u00a0Bloc Sant Pau, Local 3, 43007 Tarragona, Tarragona &#8211; Espanya.<\/span><\/li>\n<li><b><span>Correu electr\u00f2nic:<\/span><\/b><span> gerentespsp@gmail.com<\/span><\/li>\n<li><b><span>Lloc Web:\u00a0<\/span><\/b>\u00a0<a href=\"https:\/\/spspvoleibol.es\/ca\"><span>https:\/\/spspvoleibol.es<\/span><\/a><\/li>\n<\/ul>\n<h2><em><span>Finalitat<\/span><\/em><\/h2>\n<p><span>La finalitat del lloc web <\/span><a href=\"https:\/\/spspvoleibol.es\/ca\"><span>https:\/\/spspvoleibol.es<\/span><\/a><span>\u00a0\u00e9s donar a con\u00e8ixer el Club Voleibol Sant Pere i Sant Pau.<\/span><\/p>\n<h2><em><span>Condicions d&#8217;\u00das<\/span><\/em><\/h2>\n<p><span>La utilitzaci\u00f3 de el lloc web et atorga la condici\u00f3 d&#8217;Usuari, i implica l&#8217;acceptaci\u00f3 completa de totes les cl\u00e0usules i condicions d&#8217;\u00fas incloses en les p\u00e0gines:<\/span><\/p>\n<ul>\n<li><a href=\"https:\/\/spspvoleibol.es\/ca\/avis-legal\"><span>Av\u00eds Legal<\/span><\/a><\/li>\n<li><a href=\"https:\/\/spspvoleibol.es\/ca\/politica-de-privacitat\"><span>Pol\u00edtica de Privacitat<\/span><\/a><\/li>\n<li><a href=\"https:\/\/spspvoleibol.es\/ca\/politica-de-cookies\"><span>Pol\u00edtica de Cookies<\/span><\/a><\/li>\n<\/ul>\n<p><span>Si no est\u00e0s d&#8217;acord amb totes i cadascuna d&#8217;aquestes cl\u00e0usules i condicions et abstendr\u00e1s d&#8217;utilitzar aquest lloc web.<\/span><\/p>\n<p><span>L&#8217;acc\u00e9s a aquest lloc web no suposa, de cap manera, l&#8217;inici d&#8217;una relaci\u00f3 comercial amb Club Voleibol Sant Pere i Sant Pau.<\/span><\/p>\n<p><span>A trav\u00e9s d&#8217;aquest lloc web, el titular et facilita l&#8217;acc\u00e9s i la utilitzaci\u00f3 de diversos continguts que el titular o els seus col\u00b7laboradors han publicat per mitj\u00e0 d&#8217;Internet.<\/span><\/p>\n<p><span>A aquest efecte, t&#8217;obligues i compromets a NO utilitzar qualsevol dels continguts del lloc web amb fins o efectes il\u00b7l\u00edcits, prohibits en aquest av\u00eds legal o per la legislaci\u00f3 vigent, lesius dels drets i interessos de tercers, o que de qualsevol forma puguin danyar, inutilitzar, sobrecarregar, deteriorar o impedir la normal utilitzaci\u00f3 dels continguts, els equips inform\u00e0tics o els documents, arxius i tota classe de continguts emmagatzemats en qualsevol equip inform\u00e0tic propis o contractats per Club Voleibol Sant Pere i Sant Pau, d&#8217;altres usuaris o de qualsevol usuari d&#8217;Internet.<\/span><\/p>\n<h2><em><span>Mesures de seguretat<\/span><\/em><\/h2>\n<p><span>Les dades personals que facilitis al Titular poden ser emmagatzemats en bases de dades automatitzades o no, la titularitat correspon en exclusiva a Club Voleibol Sant Pere i Sant Pau, que assumeix totes les mesures d&#8217;\u00edndole t\u00e8cnica, organitzativa i de seguretat que garanteixen la confidencialitat, integritat i qualitat de la informaci\u00f3 continguda en les mateixes d&#8217;acord amb el que estableix la normativa vigent en protecci\u00f3 de dades.<\/span><\/p>\n<p><span>No obstant aix\u00f2, has de ser conscient que les mesures de seguretat dels sistemes inform\u00e0tics a Internet no s\u00f3n enterament fiables i que, per tant el Titular no pot garantir la inexist\u00e8ncia de virus o altres elements que puguin produir alteracions en els sistemes inform\u00e0tics (programari i maquinari) de l&#8217;Usuari o en els seus documents electr\u00f2nics i fitxers continguts en els mateixos tot i que el Titular posa tots els mitjans necessaris i pren les mesures de seguretat oportunes per evitar la pres\u00e8ncia d&#8217;aquests elements nocius.<\/span><\/p>\n<h2><em><span>Dades personals<\/span><\/em><\/h2>\n<p><span>Pots consultar tota la informaci\u00f3 relativa al tractament de dades personals que recull el Titular a la p\u00e0gina de <\/span><a href=\"https:\/\/spspvoleibol.es\/ca\/politica-de-privacitat\"><span>Pol\u00edtica de Privadesa<\/span><\/a><span>.<\/span><\/p>\n<h2><em><span>Continguts<\/span><\/em><\/h2>\n<p><span>El Titular ha obtingut la informaci\u00f3, el contingut multim\u00e8dia i els materials inclosos al lloc web de fonts que considera fiables, per\u00f2, si b\u00e9 ha pres totes les mesures raonables per assegurar que la informaci\u00f3 continguda \u00e9s correcta, el Titular no garanteix que sigui exacta , completa o actualitzada.\u00a0Club Voleibol Sant Pere i Sant Pau declina expressament qualsevol responsabilitat per error o omissi\u00f3 en la informaci\u00f3 continguda en les p\u00e0gines d&#8217;aquest lloc web.<\/span><\/p>\n<p><span>Queda prohibit transmetre o enviar a trav\u00e9s de el lloc web qualsevol contingut il\u00b7legal o il\u00b7l\u00edcit, virus inform\u00e0tics, o missatges que, en general, afectin o violin drets del Titular o de tercers.<\/span><\/p>\n<p><span>Els continguts d&#8217;<\/span><a href=\"https:\/\/spspvoleibol.es\/ca\"><span>https:\/\/spspvoleibol.es<\/span><\/a><span> tenen \u00fanicament una finalitat informativa i sota cap circumst\u00e0ncia han d&#8217;usar-ni considerar com a oferta de venda, sol\u00b7licitud d&#8217;una oferta de compra ni recomanaci\u00f3 per realitzar qualsevol altra operaci\u00f3, llevat que aix\u00ed s&#8217;indiqui expressament.<\/span><\/p>\n<p><span>Club Voleibol Sant Pere i Sant Pau es reserva el dret a modificar, suspendre, cancel\u00b7lar o restringir el contingut de <\/span><a href=\"https:\/\/spspvoleibol.es\/ca\"><span>https:\/\/spspvoleibol.es<\/span><\/a><span>, els vincles o la informaci\u00f3 obtinguda a trav\u00e9s del lloc web, sense necessitat de previ av\u00eds.<\/span><\/p>\n<p><span>Club Voleibol Sant Pere i Sant Pau no \u00e9s responsable dels danys i perjudicis que es puguin derivar de la utilitzaci\u00f3 de la informaci\u00f3 de el lloc web o de la continguda en les xarxes socials del Titular.<\/span><\/p>\n<h2><em><span>Pol\u00edtica de cookies<\/span><\/em><\/h2>\n<p><span>A la p\u00e0gina <\/span><a href=\"https:\/\/spspvoleibol.es\/ca\/politica-de-cookies\"><span>Pol\u00edtica de Cookies<\/span><\/a><span> pots consultar tota la informaci\u00f3 relativa a la pol\u00edtica de recollida i tractament de les cookies.<\/span><\/p>\n<h2><em><span>Enlla\u00e7os a altres llocs web<\/span><\/em><\/h2>\n<p><span>El Titular pot proporcionar acc\u00e9s a llocs web de tercers mitjan\u00e7ant enlla\u00e7os amb la finalitat exclusiva de informar-te sobre l&#8217;exist\u00e8ncia d&#8217;altres fonts d&#8217;informaci\u00f3 a Internet en qu\u00e8 podr\u00e0s ampliar les dades ofertes en el lloc web.<\/span><\/p>\n<p><span>Aquests enlla\u00e7os a altres llocs web no suposen en cap cas un suggeriment o recomanaci\u00f3 perqu\u00e8 visitis les p\u00e0gines web de destinaci\u00f3, que estan fora de control de la persona titular, per la qual cosa Club Voleibol Sant Pere i Sant Pau no \u00e9s responsable del contingut dels llocs web vinculats ni de el resultat que obtinguis a l&#8217;seguir els enlla\u00e7os.<\/span><\/p>\n<p><span>Aix\u00ed mateix, Club Voleibol Sant Pere i Sant Pau no respon dels links o enlla\u00e7os ubicats en els llocs web vinculats als que et proporciona acc\u00e9s.<\/span><\/p>\n<p><span>L&#8217;establiment de l&#8217;enlla\u00e7 no implica en cap cas l&#8217;exist\u00e8ncia de relacions entre Club Voleibol Sant Pere i Sant Pau i el propietari de el lloc en qu\u00e8 s&#8217;estableixi l&#8217;enlla\u00e7, ni l&#8217;acceptaci\u00f3 o aprovaci\u00f3 per part del Titular dels seus continguts o serveis.<\/span><\/p>\n<p><span>Si accedeixes a un lloc web extern des d&#8217;un enlla\u00e7 que trobis en <\/span><a href=\"https:\/\/spspvoleibol.es\/ca\"><span>https:\/\/spspvoleibol.es<\/span><\/a><span> haur\u00e0s llegir la pr\u00f2pia pol\u00edtica de privacitat de l&#8217;altre lloc web que pot ser diferent de la d&#8217;aquest lloc web.<\/span><\/p>\n<h2><em><span>Propietat intel\u00b7lectual i industrial<\/span><\/em><\/h2>\n<p><span>Tots els drets estan reservats.<\/span><\/p>\n<p><span>Tot acc\u00e9s a aquest lloc web est\u00e0 subjecte a les seg\u00fcents condicions: la reproducci\u00f3, emmagatzematge permanent i la difusi\u00f3 dels continguts o qualsevol altre \u00fas que tingui finalitat p\u00fablica o comercial queda expressament prohibida sense el consentiment previ expr\u00e9s i per escrit de Club Voleibol Sant Pere i Sant Pau.<\/span><\/p>\n<h2><em><span>Limitaci\u00f3 de responsabilitat<\/span><\/em><\/h2>\n<p><span>Club Voleibol Sant Pere i Sant Pau declina qualsevol responsabilitat en cas que existeixin interrupcions o un mal funcionament dels Serveis o continguts oferts a Internet, qualsevol que sigui la causa.\u00a0Aix\u00ed mateix, el titular no es fa responsable per caigudes de la xarxa, p\u00e8rdues de negoci a conseq\u00fc\u00e8ncia d&#8217;aquestes caigudes, suspensions temporals de fluid el\u00e8ctric o qualsevol altre tipus de dany indirecte que et pugui ser causat per causes alienes al Titular.<\/span><\/p>\n<p><span>Abans de prendre decisions i\/o accions amb base a la informaci\u00f3 inclosa en el lloc web, el titular et recomana comprovar i contrastar la informaci\u00f3 rebuda amb altres fonts.<\/span><\/p>\n<h2><em><span>Jurisdicci\u00f3<\/span><\/em><\/h2>\n<p><span>Aquest Av\u00eds Legal es regeix \u00edntegrament per la legislaci\u00f3 espanyola.<\/span><\/p>\n<h2><em><span>contacte<\/span><\/em><\/h2>\n<p><span>En cas que tinguis qualsevol dubte sobre aquestes Condicions legals o vulguis realitzar qualsevol comentari sobre aquest lloc web, pots enviar un missatge de correu electr\u00f2nic a l&#8217;adre\u00e7a gerentespsp@gmail.com.<\/span><\/p>\n\t\t\t\t\t\t\t\t<\/div>\n\t\t\t\t<\/div>\n\t\t\t\t\t<\/div>\n\t\t<\/div>\n\t\t\t\t\t<\/div>\n\t\t<\/section>\n\t\t\t\t<\/div>\n\t\t","protected":false},"excerpt":{"rendered":"<p>Av\u00eds legal Identificaci\u00f3 i Titularitat En compliment de l&#8217;article 10 de la Llei 34\/2002, de 11 de juliol, de Serveis de la Societat de la Informaci\u00f3 i Comer\u00e7 Electr\u00f2nic, el titular exposa les seves dades identificatives. Titular:\u00a0\u00a0Club Voleibol Sant Pere i Sant Pau. NIF:\u00a0\u00a0G43066018 Domicili:\u00a0\u00a0Bloc Sant Pau, Local 3, 43007 Tarragona, Tarragona &#8211; Espanya. Correu [&hellip;]<\/p>\n","protected":false},"author":1,"featured_media":0,"parent":0,"menu_order":0,"comment_status":"closed","ping_status":"closed","template":"elementor_header_footer","meta":{"_acf_changed":false,"_monsterinsights_skip_tracking":false,"_monsterinsights_sitenote_active":false,"_monsterinsights_sitenote_note":"","_monsterinsights_sitenote_category":0,"footnotes":""},"class_list":["post-1405","page","type-page","status-publish","hentry"],"acf":[],"yoast_head":"<!-- This site is optimized with the Yoast SEO plugin v27.2 - https:\/\/yoast.com\/product\/yoast-seo-wordpress\/ -->\n<title>Av\u00eds Legal - Club Voleibol Sant Pere i Sant Pau<\/title>\n<meta name=\"robots\" content=\"index, follow, max-snippet:-1, max-image-preview:large, max-video-preview:-1\" \/>\n<link rel=\"canonical\" href=\"https:\/\/spspvoleibol.es\/ca\/avis-legal\/\" \/>\n<meta property=\"og:locale\" content=\"ca_ES\" \/>\n<meta property=\"og:type\" content=\"article\" \/>\n<meta property=\"og:title\" content=\"Av\u00eds Legal - Club Voleibol Sant Pere i Sant Pau\" \/>\n<meta property=\"og:description\" content=\"Av\u00eds legal Identificaci\u00f3 i Titularitat En compliment de l&#8217;article 10 de la Llei 34\/2002, de 11 de juliol, de Serveis de la Societat de la Informaci\u00f3 i Comer\u00e7 Electr\u00f2nic, el titular exposa les seves dades identificatives. Titular:\u00a0\u00a0Club Voleibol Sant Pere i Sant Pau. NIF:\u00a0\u00a0G43066018 Domicili:\u00a0\u00a0Bloc Sant Pau, Local 3, 43007 Tarragona, Tarragona &#8211; Espanya. Correu [&hellip;]\" \/>\n<meta property=\"og:url\" content=\"https:\/\/spspvoleibol.es\/ca\/avis-legal\/\" \/>\n<meta property=\"og:site_name\" content=\"Club Voleibol Sant Pere i Sant Pau\" \/>\n<meta property=\"article:modified_time\" content=\"2020-12-21T21:45:34+00:00\" \/>\n<meta name=\"twitter:card\" content=\"summary_large_image\" \/>\n<meta name=\"twitter:label1\" content=\"Temps estimat de lectura\" \/>\n\t<meta name=\"twitter:data1\" content=\"6 minuts\" \/>\n<script type=\"application\/ld+json\" class=\"yoast-schema-graph\">{\"@context\":\"https:\/\/schema.org\",\"@graph\":[{\"@type\":\"WebPage\",\"@id\":\"https:\/\/spspvoleibol.es\/ca\/avis-legal\/\",\"url\":\"https:\/\/spspvoleibol.es\/ca\/avis-legal\/\",\"name\":\"Av\u00eds Legal - Club Voleibol Sant Pere i Sant Pau\",\"isPartOf\":{\"@id\":\"https:\/\/spspvoleibol.es\/ca\/#website\"},\"datePublished\":\"2020-12-21T21:34:19+00:00\",\"dateModified\":\"2020-12-21T21:45:34+00:00\",\"breadcrumb\":{\"@id\":\"https:\/\/spspvoleibol.es\/ca\/avis-legal\/#breadcrumb\"},\"inLanguage\":\"ca\",\"potentialAction\":[{\"@type\":\"ReadAction\",\"target\":[\"https:\/\/spspvoleibol.es\/ca\/avis-legal\/\"]}]},{\"@type\":\"BreadcrumbList\",\"@id\":\"https:\/\/spspvoleibol.es\/ca\/avis-legal\/#breadcrumb\",\"itemListElement\":[{\"@type\":\"ListItem\",\"position\":1,\"name\":\"Portada\",\"item\":\"https:\/\/spspvoleibol.es\/ca\/\"},{\"@type\":\"ListItem\",\"position\":2,\"name\":\"Av\u00eds Legal\"}]},{\"@type\":\"WebSite\",\"@id\":\"https:\/\/spspvoleibol.es\/ca\/#website\",\"url\":\"https:\/\/spspvoleibol.es\/ca\/\",\"name\":\"Club Voleibol Sant Pere i Sant Pau\",\"description\":\"Tarragona\",\"potentialAction\":[{\"@type\":\"SearchAction\",\"target\":{\"@type\":\"EntryPoint\",\"urlTemplate\":\"https:\/\/spspvoleibol.es\/ca\/?s={search_term_string}\"},\"query-input\":{\"@type\":\"PropertyValueSpecification\",\"valueRequired\":true,\"valueName\":\"search_term_string\"}}],\"inLanguage\":\"ca\"}]}<\/script>\n<!-- \/ Yoast SEO plugin. -->","yoast_head_json":{"title":"Av\u00eds Legal - Club Voleibol Sant Pere i Sant Pau","robots":{"index":"index","follow":"follow","max-snippet":"max-snippet:-1","max-image-preview":"max-image-preview:large","max-video-preview":"max-video-preview:-1"},"canonical":"https:\/\/spspvoleibol.es\/ca\/avis-legal\/","og_locale":"ca_ES","og_type":"article","og_title":"Av\u00eds Legal - Club Voleibol Sant Pere i Sant Pau","og_description":"Av\u00eds legal Identificaci\u00f3 i Titularitat En compliment de l&#8217;article 10 de la Llei 34\/2002, de 11 de juliol, de Serveis de la Societat de la Informaci\u00f3 i Comer\u00e7 Electr\u00f2nic, el titular exposa les seves dades identificatives. Titular:\u00a0\u00a0Club Voleibol Sant Pere i Sant Pau. NIF:\u00a0\u00a0G43066018 Domicili:\u00a0\u00a0Bloc Sant Pau, Local 3, 43007 Tarragona, Tarragona &#8211; Espanya. Correu [&hellip;]","og_url":"https:\/\/spspvoleibol.es\/ca\/avis-legal\/","og_site_name":"Club Voleibol Sant Pere i Sant Pau","article_modified_time":"2020-12-21T21:45:34+00:00","twitter_card":"summary_large_image","twitter_misc":{"Temps estimat de lectura":"6 minuts"},"schema":{"@context":"https:\/\/schema.org","@graph":[{"@type":"WebPage","@id":"https:\/\/spspvoleibol.es\/ca\/avis-legal\/","url":"https:\/\/spspvoleibol.es\/ca\/avis-legal\/","name":"Av\u00eds Legal - Club Voleibol Sant Pere i Sant Pau","isPartOf":{"@id":"https:\/\/spspvoleibol.es\/ca\/#website"},"datePublished":"2020-12-21T21:34:19+00:00","dateModified":"2020-12-21T21:45:34+00:00","breadcrumb":{"@id":"https:\/\/spspvoleibol.es\/ca\/avis-legal\/#breadcrumb"},"inLanguage":"ca","potentialAction":[{"@type":"ReadAction","target":["https:\/\/spspvoleibol.es\/ca\/avis-legal\/"]}]},{"@type":"BreadcrumbList","@id":"https:\/\/spspvoleibol.es\/ca\/avis-legal\/#breadcrumb","itemListElement":[{"@type":"ListItem","position":1,"name":"Portada","item":"https:\/\/spspvoleibol.es\/ca\/"},{"@type":"ListItem","position":2,"name":"Av\u00eds Legal"}]},{"@type":"WebSite","@id":"https:\/\/spspvoleibol.es\/ca\/#website","url":"https:\/\/spspvoleibol.es\/ca\/","name":"Club Voleibol Sant Pere i Sant Pau","description":"Tarragona","potentialAction":[{"@type":"SearchAction","target":{"@type":"EntryPoint","urlTemplate":"https:\/\/spspvoleibol.es\/ca\/?s={search_term_string}"},"query-input":{"@type":"PropertyValueSpecification","valueRequired":true,"valueName":"search_term_string"}}],"inLanguage":"ca"}]}},"_links":{"self":[{"href":"https:\/\/spspvoleibol.es\/ca\/wp-json\/wp\/v2\/pages\/1405","targetHints":{"allow":["GET"]}}],"collection":[{"href":"https:\/\/spspvoleibol.es\/ca\/wp-json\/wp\/v2\/pages"}],"about":[{"href":"https:\/\/spspvoleibol.es\/ca\/wp-json\/wp\/v2\/types\/page"}],"author":[{"embeddable":true,"href":"https:\/\/spspvoleibol.es\/ca\/wp-json\/wp\/v2\/users\/1"}],"replies":[{"embeddable":true,"href":"https:\/\/spspvoleibol.es\/ca\/wp-json\/wp\/v2\/comments?post=1405"}],"version-history":[{"count":2,"href":"https:\/\/spspvoleibol.es\/ca\/wp-json\/wp\/v2\/pages\/1405\/revisions"}],"predecessor-version":[{"id":1414,"href":"https:\/\/spspvoleibol.es\/ca\/wp-json\/wp\/v2\/pages\/1405\/revisions\/1414"}],"wp:attachment":[{"href":"https:\/\/spspvoleibol.es\/ca\/wp-json\/wp\/v2\/media?parent=1405"}],"curies":[{"name":"wp","href":"https:\/\/api.w.org\/{rel}","templated":true}]}}